{"id":83,"date":"2025-10-06T18:06:10","date_gmt":"2025-10-06T18:06:10","guid":{"rendered":"https:\/\/spectreurban.com\/?page_id=83"},"modified":"2025-10-06T18:39:16","modified_gmt":"2025-10-06T18:39:16","slug":"spectre-him","status":"publish","type":"page","link":"https:\/\/spectreurban.com\/index.php\/spectre-him\/","title":{"rendered":"spectre for him"},"content":{"rendered":"\n<figure class=\"wp-block-image size-large is-resized\"><img loading=\"lazy\" decoding=\"async\" width=\"683\" height=\"1024\" src=\"https:\/\/spectreurban.com\/wp-content\/uploads\/2025\/08\/IMG_2165-683x1024.jpg\" alt=\"\" class=\"wp-image-60\" style=\"width:1100px;height:auto\" srcset=\"https:\/\/spectreurban.com\/wp-content\/uploads\/2025\/08\/IMG_2165-683x1024.jpg 683w, https:\/\/spectreurban.com\/wp-content\/uploads\/2025\/08\/IMG_2165-200x300.jpg 200w, https:\/\/spectreurban.com\/wp-content\/uploads\/2025\/08\/IMG_2165-768x1152.jpg 768w, https:\/\/spectreurban.com\/wp-content\/uploads\/2025\/08\/IMG_2165.jpg 1024w\" sizes=\"auto, (max-width: 683px) 100vw, 683px\" \/><\/figure>\n\n\n\n<div class=\"wp-block-buttons is-layout-flex wp-block-buttons-is-layout-flex\">\n<div class=\"wp-block-button\"><a class=\"wp-block-button__link wp-element-button\" href=\"https:\/\/www.amazon.es\/Pampling-Camiseta-4LB3RT-Einstein-Serigraf%C3%ADa\/dp\/B07GJTXCV6\/ref=sxin_15_pa_sp_search_thematic_sspa?__mk_es_ES=%C3%85M%C3%85%C5%BD%C3%95%C3%91&amp;content-id=amzn1.sym.22c10458-62eb-48c7-b51d-67c977421947%3Aamzn1.sym.22c10458-62eb-48c7-b51d-67c977421947&amp;crid=1NK23GJ2PI1J6&amp;cv_ct_cx=camiseta%2Burban&amp;keywords=camiseta%2Burban&amp;pd_rd_i=B07GJTXCV6&amp;pd_rd_r=f8e0b0a2-3bbd-4865-84d1-9a6af49f13ec&amp;pd_rd_w=55ZXq&amp;pd_rd_wg=Y77xJ&amp;pf_rd_p=22c10458-62eb-48c7-b51d-67c977421947&amp;pf_rd_r=S0X36683DE71B7PYX38J&amp;qid=1759775345&amp;sbo=RZvfv%2F%2FHxDF%2BO5021pAnSA%3D%3D&amp;sprefix=camiseta%2Burban%2Caps%2C81&amp;sr=1-4-dddeab33-7095-47b2-8f68-ab1390142356-spons&amp;sp_csd=d2lkZ2V0TmFtZT1zcF9zZWFyY2hfdGhlbWF0aWM&amp;th=1&amp;psc=1\">compra ahora<\/a><\/div>\n<\/div>\n\n\n\n<figure class=\"wp-block-table\"><table class=\"has-fixed-layout\"><tbody><tr><td>S<\/td><td>M<\/td><td>L<\/td><td>XL<\/td><\/tr><\/tbody><\/table><\/figure>\n\n\n\n<h2 class=\"wp-block-heading\">39EUR<\/h2>\n\n\n\n<h2 class=\"wp-block-heading\">camiseta spectre urban, estilo cl\u00e1sico con logo<\/h2>\n\n\n<nav class=\"is-responsive wp-block-navigation is-layout-flex wp-block-navigation-is-layout-flex\" aria-label=\"Navigation\" \n\t\t data-wp-interactive=\"core\/navigation\" data-wp-context='{\"overlayOpenedBy\":{\"click\":false,\"hover\":false,\"focus\":false},\"type\":\"overlay\",\"roleAttribute\":\"\",\"ariaLabel\":\"Men\\u00fa\"}'><button aria-haspopup=\"dialog\" aria-label=\"Abrir el men\u00fa\" class=\"wp-block-navigation__responsive-container-open\" \n\t\t\t\tdata-wp-on--click=\"actions.openMenuOnClick\"\n\t\t\t\tdata-wp-on--keydown=\"actions.handleMenuKeydown\"\n\t\t\t><svg width=\"24\" height=\"24\" xmlns=\"http:\/\/www.w3.org\/2000\/svg\" viewBox=\"0 0 24 24\" aria-hidden=\"true\" focusable=\"false\"><path d=\"M4 7.5h16v1.5H4z\"><\/path><path d=\"M4 15h16v1.5H4z\"><\/path><\/svg><\/button>\n\t\t\t\t<div class=\"wp-block-navigation__responsive-container\"  id=\"modal-1\" \n\t\t\t\tdata-wp-class--has-modal-open=\"state.isMenuOpen\"\n\t\t\t\tdata-wp-class--is-menu-open=\"state.isMenuOpen\"\n\t\t\t\tdata-wp-watch=\"callbacks.initMenu\"\n\t\t\t\tdata-wp-on--keydown=\"actions.handleMenuKeydown\"\n\t\t\t\tdata-wp-on--focusout=\"actions.handleMenuFocusout\"\n\t\t\t\ttabindex=\"-1\"\n\t\t\t>\n\t\t\t\t\t<div class=\"wp-block-navigation__responsive-close\" tabindex=\"-1\">\n\t\t\t\t\t\t<div class=\"wp-block-navigation__responsive-dialog\" \n\t\t\t\tdata-wp-bind--aria-modal=\"state.ariaModal\"\n\t\t\t\tdata-wp-bind--aria-label=\"state.ariaLabel\"\n\t\t\t\tdata-wp-bind--role=\"state.roleAttribute\"\n\t\t\t>\n\t\t\t\t\t\t\t<button aria-label=\"Cerrar el men\u00fa\" class=\"wp-block-navigation__responsive-container-close\" \n\t\t\t\tdata-wp-on--click=\"actions.closeMenuOnClick\"\n\t\t\t><svg xmlns=\"http:\/\/www.w3.org\/2000\/svg\" viewBox=\"0 0 24 24\" width=\"24\" height=\"24\" aria-hidden=\"true\" focusable=\"false\"><path d=\"m13.06 12 6.47-6.47-1.06-1.06L12 10.94 5.53 4.47 4.47 5.53 10.94 12l-6.47 6.47 1.06 1.06L12 13.06l6.47 6.47 1.06-1.06L13.06 12Z\"><\/path><\/svg><\/button>\n\t\t\t\t\t\t\t<div class=\"wp-block-navigation__responsive-container-content\" \n\t\t\t\tdata-wp-watch=\"callbacks.focusFirstElement\"\n\t\t\t id=\"modal-1-content\">\n\t\t\t\t\t\t\t\t<ul class=\"wp-block-navigation__container is-responsive wp-block-navigation\"><ul class=\"wp-block-page-list\"><li class=\"wp-block-pages-list__item wp-block-navigation-item open-on-hover-click\"><a class=\"wp-block-pages-list__item__link wp-block-navigation-item__content\" href=\"https:\/\/spectreurban.com\/index.php\/sample-page\/\">about spectre urban<\/a><\/li><li class=\"wp-block-pages-list__item wp-block-navigation-item open-on-hover-click\"><a class=\"wp-block-pages-list__item__link wp-block-navigation-item__content\" href=\"https:\/\/spectreurban.com\/index.php\/for-all\/\">for all<\/a><\/li><li class=\"wp-block-pages-list__item wp-block-navigation-item open-on-hover-click\"><a class=\"wp-block-pages-list__item__link wp-block-navigation-item__content\" href=\"https:\/\/spectreurban.com\/index.php\/spectre-for-her\/\">spectre for her<\/a><\/li><li class=\"wp-block-pages-list__item wp-block-navigation-item open-on-hover-click\"><a class=\"wp-block-pages-list__item__link wp-block-navigation-item__content\" href=\"https:\/\/spectreurban.com\/index.php\/spectre-him\/\">spectre for him<\/a><\/li><\/ul><\/ul>\n\t\t\t\t\t\t\t<\/div>\n\t\t\t\t\t\t<\/div>\n\t\t\t\t\t<\/div>\n\t\t\t\t<\/div><\/nav>\n\n\n<hr class=\"wp-block-separator has-css-opacity is-style-default\"\/>\n\n\n\n<figure class=\"wp-block-image aligncenter size-full is-resized is-style-rounded\"><img loading=\"lazy\" decoding=\"async\" width=\"148\" height=\"148\" src=\"https:\/\/spectreurban.com\/wp-content\/uploads\/2025\/10\/images.jpg\" alt=\"\" class=\"wp-image-100\" style=\"width:150px;height:150px\"\/><\/figure>\n\n\n\n<blockquote class=\"wp-block-quote has-text-align-center is-style-large is-layout-flow wp-block-quote-is-layout-flow\">\n<p>\u00abMe encanta esta marca, hace ropa de calidad que sienta muy bien. Env\u00edo r\u00e1pido y buena atenci\u00f3n al cliente.\u00bb<\/p>\n<cite>\u2014 Aitor Tilla. Madrid. Spain.<\/cite><\/blockquote>\n\n\n\n<hr class=\"wp-block-separator has-css-opacity is-style-default\"\/>\n","protected":false},"excerpt":{"rendered":"<p>S M L XL 39EUR camiseta spectre urban, estilo cl\u00e1sico con logo \u00abMe encanta esta marca, hace ropa de calidad que sienta muy bien. Env\u00edo r\u00e1pido y buena atenci\u00f3n al cliente.\u00bb \u2014 Aitor Tilla. Madrid. Spain.<\/p>\n","protected":false},"author":1,"featured_media":0,"parent":0,"menu_order":0,"comment_status":"closed","ping_status":"closed","template":"","meta":{"footnotes":""},"class_list":["post-83","page","type-page","status-publish","hentry"],"_links":{"self":[{"href":"https:\/\/spectreurban.com\/index.php\/wp-json\/wp\/v2\/pages\/83","targetHints":{"allow":["GET"]}}],"collection":[{"href":"https:\/\/spectreurban.com\/index.php\/wp-json\/wp\/v2\/pages"}],"about":[{"href":"https:\/\/spectreurban.com\/index.php\/wp-json\/wp\/v2\/types\/page"}],"author":[{"embeddable":true,"href":"https:\/\/spectreurban.com\/index.php\/wp-json\/wp\/v2\/users\/1"}],"replies":[{"embeddable":true,"href":"https:\/\/spectreurban.com\/index.php\/wp-json\/wp\/v2\/comments?post=83"}],"version-history":[{"count":6,"href":"https:\/\/spectreurban.com\/index.php\/wp-json\/wp\/v2\/pages\/83\/revisions"}],"predecessor-version":[{"id":101,"href":"https:\/\/spectreurban.com\/index.php\/wp-json\/wp\/v2\/pages\/83\/revisions\/101"}],"wp:attachment":[{"href":"https:\/\/spectreurban.com\/index.php\/wp-json\/wp\/v2\/media?parent=83"}],"curies":[{"name":"wp","href":"https:\/\/api.w.org\/{rel}","templated":true}]}}